{"id":926,"date":"2024-11-18T12:43:07","date_gmt":"2024-11-18T17:43:07","guid":{"rendered":"https:\/\/ent-nts.ca\/?page_id=926"},"modified":"2024-12-08T16:51:21","modified_gmt":"2024-12-08T21:51:21","slug":"festival-message-de-gideon-arthurs","status":"publish","type":"page","link":"https:\/\/ent-nts.ca\/fr\/festival-message-de-gideon-arthurs\/","title":{"rendered":"Un message du directeur g\u00e9n\u00e9ral Gideon Arthur \u00e0 propos du festival"},"content":{"rendered":"","protected":false},"excerpt":{"rendered":"","protected":false},"author":1,"featured_media":731,"parent":0,"menu_order":0,"comment_status":"closed","ping_status":"closed","template":"","meta":{"_acf_changed":false,"footnotes":""},"class_list":["post-926","page","type-page","status-publish","has-post-thumbnail","hentry"],"acf":[],"_links":{"self":[{"href":"https:\/\/ent-nts.ca\/fr\/wp-json\/wp\/v2\/pages\/926","targetHints":{"allow":["GET"]}}],"collection":[{"href":"https:\/\/ent-nts.ca\/fr\/wp-json\/wp\/v2\/pages"}],"about":[{"href":"https:\/\/ent-nts.ca\/fr\/wp-json\/wp\/v2\/types\/page"}],"author":[{"embeddable":true,"href":"https:\/\/ent-nts.ca\/fr\/wp-json\/wp\/v2\/users\/1"}],"replies":[{"embeddable":true,"href":"https:\/\/ent-nts.ca\/fr\/wp-json\/wp\/v2\/comments?post=926"}],"version-history":[{"count":2,"href":"https:\/\/ent-nts.ca\/fr\/wp-json\/wp\/v2\/pages\/926\/revisions"}],"predecessor-version":[{"id":930,"href":"https:\/\/ent-nts.ca\/fr\/wp-json\/wp\/v2\/pages\/926\/revisions\/930"}],"wp:featuredmedia":[{"embeddable":true,"href":"https:\/\/ent-nts.ca\/fr\/wp-json\/wp\/v2\/media\/731"}],"wp:attachment":[{"href":"https:\/\/ent-nts.ca\/fr\/wp-json\/wp\/v2\/media?parent=926"}],"curies":[{"name":"wp","href":"https:\/\/api.w.org\/{rel}","templated":true}]}}