{"id":17883,"date":"2025-05-26T15:28:47","date_gmt":"2025-05-26T19:28:47","guid":{"rendered":"https:\/\/ent-nts.ca\/?page_id=17883"},"modified":"2025-05-28T10:34:31","modified_gmt":"2025-05-28T14:34:31","slug":"poste-professeur-specialise-en-voix-parlee-diction-et-phonetique","status":"publish","type":"page","link":"https:\/\/ent-nts.ca\/fr\/poste-professeur-specialise-en-voix-parlee-diction-et-phonetique\/","title":{"rendered":"Poste &#8211; Professeur.e sp\u00e9cialis\u00e9.e en voix parl\u00e9e, diction et phon\u00e9tique"},"content":{"rendered":"","protected":false},"excerpt":{"rendered":"","protected":false},"author":12,"featured_media":0,"parent":0,"menu_order":0,"comment_status":"closed","ping_status":"closed","template":"","meta":{"_acf_changed":false,"footnotes":""},"class_list":["post-17883","page","type-page","status-publish","hentry"],"acf":[],"_links":{"self":[{"href":"https:\/\/ent-nts.ca\/fr\/wp-json\/wp\/v2\/pages\/17883","targetHints":{"allow":["GET"]}}],"collection":[{"href":"https:\/\/ent-nts.ca\/fr\/wp-json\/wp\/v2\/pages"}],"about":[{"href":"https:\/\/ent-nts.ca\/fr\/wp-json\/wp\/v2\/types\/page"}],"author":[{"embeddable":true,"href":"https:\/\/ent-nts.ca\/fr\/wp-json\/wp\/v2\/users\/12"}],"replies":[{"embeddable":true,"href":"https:\/\/ent-nts.ca\/fr\/wp-json\/wp\/v2\/comments?post=17883"}],"version-history":[{"count":7,"href":"https:\/\/ent-nts.ca\/fr\/wp-json\/wp\/v2\/pages\/17883\/revisions"}],"predecessor-version":[{"id":17942,"href":"https:\/\/ent-nts.ca\/fr\/wp-json\/wp\/v2\/pages\/17883\/revisions\/17942"}],"wp:attachment":[{"href":"https:\/\/ent-nts.ca\/fr\/wp-json\/wp\/v2\/media?parent=17883"}],"curies":[{"name":"wp","href":"https:\/\/api.w.org\/{rel}","templated":true}]}}