{"id":17884,"date":"2025-05-26T15:28:47","date_gmt":"2025-05-26T19:28:47","guid":{"rendered":"https:\/\/ent-nts.ca\/?page_id=17884"},"modified":"2025-05-26T15:36:47","modified_gmt":"2025-05-26T19:36:47","slug":"job-fr-professeur-specialise-voix-parle","status":"publish","type":"page","link":"https:\/\/ent-nts.ca\/en\/job-fr-professeur-specialise-voix-parle\/","title":{"rendered":"Job &#8211; Professeur.e sp\u00e9cialis\u00e9.e en voix parl\u00e9e, diction et phon\u00e9tique"},"content":{"rendered":"","protected":false},"excerpt":{"rendered":"","protected":false},"author":12,"featured_media":0,"parent":0,"menu_order":0,"comment_status":"closed","ping_status":"closed","template":"","meta":{"_acf_changed":false,"footnotes":""},"class_list":["post-17884","page","type-page","status-publish","hentry"],"acf":[],"_links":{"self":[{"href":"https:\/\/ent-nts.ca\/en\/wp-json\/wp\/v2\/pages\/17884","targetHints":{"allow":["GET"]}}],"collection":[{"href":"https:\/\/ent-nts.ca\/en\/wp-json\/wp\/v2\/pages"}],"about":[{"href":"https:\/\/ent-nts.ca\/en\/wp-json\/wp\/v2\/types\/page"}],"author":[{"embeddable":true,"href":"https:\/\/ent-nts.ca\/en\/wp-json\/wp\/v2\/users\/12"}],"replies":[{"embeddable":true,"href":"https:\/\/ent-nts.ca\/en\/wp-json\/wp\/v2\/comments?post=17884"}],"version-history":[{"count":2,"href":"https:\/\/ent-nts.ca\/en\/wp-json\/wp\/v2\/pages\/17884\/revisions"}],"predecessor-version":[{"id":17893,"href":"https:\/\/ent-nts.ca\/en\/wp-json\/wp\/v2\/pages\/17884\/revisions\/17893"}],"wp:attachment":[{"href":"https:\/\/ent-nts.ca\/en\/wp-json\/wp\/v2\/media?parent=17884"}],"curies":[{"name":"wp","href":"https:\/\/api.w.org\/{rel}","templated":true}]}}